{"id":755,"date":"2018-06-28T01:40:01","date_gmt":"2018-06-28T04:40:01","guid":{"rendered":"https:\/\/ies9018-mza.infd.edu.ar\/sitio\/datos-institucionales\/"},"modified":"2018-09-10T17:16:27","modified_gmt":"2018-09-10T20:16:27","slug":"datos-institucionales","status":"publish","type":"page","link":"https:\/\/ies9018-infd.mendoza.edu.ar\/sitio\/datos-institucionales\/","title":{"rendered":"Datos institucionales"},"content":{"rendered":"<blockquote><p><span style=\"font-family: verdana; font-size: small;\">En esta p\u00e1gina ir\u00e1n los datos institucionales:<\/span><\/p>\n<ul>\n<li><span style=\"font-family: verdana; font-size: small;\">IES 9-018\u00a0\u00abGdor. Celso A. Jaque\u00bb<\/span><\/li>\n<li><span style=\"font-family: verdana; font-size: small;\">Horarios de atenci\u00f3n de 8:00 a 12:30 y de 14:00 a 23:30<\/span><\/li>\n<li><span style=\"font-family: verdana; font-size: small;\">Direcci\u00f3n: Llancanelo 732<\/span><\/li>\n<li><span style=\"font-family: verdana; font-size: small;\">Tel\u00e9fonos:\u00a0<span dir=\"ltr\" data-tooltip=\"Llama por tel\u00e9fono (+542604471509)\" aria-label=\"Llama por tel\u00e9fono (+542604471509)\">2604 47-1509<\/span><\/span><\/li>\n<li><span style=\"font-family: verdana; font-size: small;\">E-mail: consultas@ies9018malargue.edu.ar<\/span><\/li>\n<li><span style=\"font-family: verdana; font-size: small;\">URL: <a href=\"http:\/\/www.ies9018malargue.edu.ar\">www.ies9018malargue.edu.ar<\/a><\/span><\/li>\n<\/ul>\n<\/blockquote>\n","protected":false},"excerpt":{"rendered":"<p>En esta p\u00e1gina ir\u00e1n los datos institucionales: IES 9-018\u00a0\u00abGdor. Celso A. Jaque\u00bb Horarios de atenci\u00f3n de 8:00 a 12:30 y de 14:00 a 23:30 Direcci\u00f3n: Llancanelo 732 Tel\u00e9fonos:\u00a02604 47-1509 E-mail: consultas@ies9018malargue.edu.ar URL: www.ies9018malargue.edu.ar<\/p>\n","protected":false},"author":85,"featured_media":0,"parent":0,"menu_order":0,"comment_status":"closed","ping_status":"closed","template":"","meta":[],"acf":[],"_links":{"self":[{"href":"https:\/\/ies9018-infd.mendoza.edu.ar\/sitio\/wp-json\/wp\/v2\/pages\/755"}],"collection":[{"href":"https:\/\/ies9018-infd.mendoza.edu.ar\/sitio\/wp-json\/wp\/v2\/pages"}],"about":[{"href":"https:\/\/ies9018-infd.mendoza.edu.ar\/sitio\/wp-json\/wp\/v2\/types\/page"}],"author":[{"embeddable":true,"href":"https:\/\/ies9018-infd.mendoza.edu.ar\/sitio\/wp-json\/wp\/v2\/users\/85"}],"replies":[{"embeddable":true,"href":"https:\/\/ies9018-infd.mendoza.edu.ar\/sitio\/wp-json\/wp\/v2\/comments?post=755"}],"version-history":[{"count":3,"href":"https:\/\/ies9018-infd.mendoza.edu.ar\/sitio\/wp-json\/wp\/v2\/pages\/755\/revisions"}],"predecessor-version":[{"id":800,"href":"https:\/\/ies9018-infd.mendoza.edu.ar\/sitio\/wp-json\/wp\/v2\/pages\/755\/revisions\/800"}],"wp:attachment":[{"href":"https:\/\/ies9018-infd.mendoza.edu.ar\/sitio\/wp-json\/wp\/v2\/media?parent=755"}],"curies":[{"name":"wp","href":"https:\/\/api.w.org\/{rel}","templated":true}]}}